{"id":14,"date":"2025-12-24T16:32:04","date_gmt":"2025-12-24T16:32:04","guid":{"rendered":"https:\/\/khaolak-erleben.com\/?page_id=14"},"modified":"2025-12-24T18:53:04","modified_gmt":"2025-12-24T18:53:04","slug":"homepage","status":"publish","type":"page","link":"https:\/\/khaolak-erleben.com\/","title":{"rendered":"Homepage"},"content":{"rendered":"\n<div class=\"wp-block-cover is-light\" style=\"min-height:703px;aspect-ratio:unset;\"><img fetchpriority=\"high\" decoding=\"async\" width=\"2560\" height=\"1709\" class=\"wp-block-cover__image-background wp-image-8 size-full\" alt=\"\" src=\"https:\/\/khaolak-erleben.com\/wp-content\/uploads\/2025\/12\/DSC_2889-scaled.jpg\" data-object-fit=\"cover\" srcset=\"https:\/\/khaolak-erleben.com\/wp-content\/uploads\/2025\/12\/DSC_2889-scaled.jpg 2560w, https:\/\/khaolak-erleben.com\/wp-content\/uploads\/2025\/12\/DSC_2889-scaled-600x401.jpg 600w, https:\/\/khaolak-erleben.com\/wp-content\/uploads\/2025\/12\/DSC_2889-300x200.jpg 300w, https:\/\/khaolak-erleben.com\/wp-content\/uploads\/2025\/12\/DSC_2889-1024x684.jpg 1024w, https:\/\/khaolak-erleben.com\/wp-content\/uploads\/2025\/12\/DSC_2889-768x513.jpg 768w, https:\/\/khaolak-erleben.com\/wp-content\/uploads\/2025\/12\/DSC_2889-1536x1025.jpg 1536w, https:\/\/khaolak-erleben.com\/wp-content\/uploads\/2025\/12\/DSC_2889-2048x1367.jpg 2048w\" sizes=\"(max-width: 2560px) 100vw, 2560px\" \/><span aria-hidden=\"true\" class=\"wp-block-cover__background has-background-dim\" style=\"background-color:#8b8c8d\"><\/span><div class=\"wp-block-cover__inner-container is-layout-constrained wp-block-cover-is-layout-constrained\">\n<p class=\"has-text-align-center has-large-font-size\">Pers\u00f6nlich \u00b7 Authentisch \u00b7 Unvergesslich<\/p>\n\n\n\n<p>Sawadee! Sch\u00f6n, dass du hier bist. Wir arbeiten gerade an etwas Besonderem: gef\u00fchrte Touren durch die sch\u00f6nsten Ecken von Khao Lak \u2013 pers\u00f6nlich, auf Deutsch und abseits der Touristenpfade. Bald geht&#8217;s los!<\/p>\n<\/div><\/div>\n","protected":false},"excerpt":{"rendered":"","protected":false},"author":1,"featured_media":0,"parent":0,"menu_order":0,"comment_status":"closed","ping_status":"closed","template":"","meta":{"footnotes":""},"class_list":["post-14","page","type-page","status-publish","hentry"],"_links":{"self":[{"href":"https:\/\/khaolak-erleben.com\/index.php?rest_route=\/wp\/v2\/pages\/14","targetHints":{"allow":["GET"]}}],"collection":[{"href":"https:\/\/khaolak-erleben.com\/index.php?rest_route=\/wp\/v2\/pages"}],"about":[{"href":"https:\/\/khaolak-erleben.com\/index.php?rest_route=\/wp\/v2\/types\/page"}],"author":[{"embeddable":true,"href":"https:\/\/khaolak-erleben.com\/index.php?rest_route=\/wp\/v2\/users\/1"}],"replies":[{"embeddable":true,"href":"https:\/\/khaolak-erleben.com\/index.php?rest_route=%2Fwp%2Fv2%2Fcomments&post=14"}],"version-history":[{"count":7,"href":"https:\/\/khaolak-erleben.com\/index.php?rest_route=\/wp\/v2\/pages\/14\/revisions"}],"predecessor-version":[{"id":57,"href":"https:\/\/khaolak-erleben.com\/index.php?rest_route=\/wp\/v2\/pages\/14\/revisions\/57"}],"wp:attachment":[{"href":"https:\/\/khaolak-erleben.com\/index.php?rest_route=%2Fwp%2Fv2%2Fmedia&parent=14"}],"curies":[{"name":"wp","href":"https:\/\/api.w.org\/{rel}","templated":true}]}}